{"id":7738,"date":"2025-07-10T01:28:28","date_gmt":"2025-07-09T23:28:28","guid":{"rendered":"https:\/\/groupeceejay.fr\/?page_id=7738"},"modified":"2025-07-10T01:28:28","modified_gmt":"2025-07-09T23:28:28","slug":"mention-legale","status":"publish","type":"page","link":"https:\/\/groupeceejay.fr\/?page_id=7738","title":{"rendered":"mention legale"},"content":{"rendered":"\n<p><strong>\u00c9diteur du site<\/strong><br>Le pr\u00e9sent site est \u00e9dit\u00e9 par :<br><strong>Groupeceejay<\/strong><br>Statut juridique : [\u00e0 compl\u00e9ter, ex. SASU \/ SARL \/ Auto-entrepreneur]<br>Si\u00e8ge social : [adresse compl\u00e8te]<br>SIRET : [num\u00e9ro de SIRET]<br>Num\u00e9ro de TVA intracommunautaire : [si applicable]<br>T\u00e9l\u00e9phone : [num\u00e9ro de t\u00e9l\u00e9phone]<br>Email : contact@ceejay.com<\/p>\n\n\n\n<p><strong>Directeur de la publication<\/strong><br>Monsieur MOUNGONDO-BABOU Guenel Murphy<br>Email : baboumurphy@gmail.com<\/p>\n\n\n\n<p><strong>H\u00e9bergement<\/strong><br>Le site est h\u00e9berg\u00e9 par :<br><strong>Hostinger International Ltd.<\/strong><br>Adresse : 61 Lordou Vironos Street, 6023 Larnaca, Chypre<br>T\u00e9l\u00e9phone : +370 645 03378<br>Site web : <a class=\"\" href=\"https:\/\/www.hostinger.fr\">https:\/\/www.hostinger.fr<\/a><\/p>\n\n\n\n<p><strong>Propri\u00e9t\u00e9 intellectuelle<\/strong><br>L\u2019ensemble des \u00e9l\u00e9ments pr\u00e9sents sur ce site (textes, images, logos, graphismes, vid\u00e9os, ic\u00f4nes, sons, etc.) sont la propri\u00e9t\u00e9 exclusive de Groupeceejay ou font l\u2019objet d\u2019une licence d\u2019utilisation. Toute reproduction, repr\u00e9sentation, modification, publication ou adaptation, totale ou partielle, de ces \u00e9l\u00e9ments est strictement interdite sans autorisation \u00e9crite pr\u00e9alable.<\/p>\n\n\n\n<p><strong>Donn\u00e9es personnelles<\/strong><br>Conform\u00e9ment au R\u00e8glement G\u00e9n\u00e9ral sur la Protection des Donn\u00e9es (RGPD), les donn\u00e9es personnelles collect\u00e9es via ce site (formulaires de r\u00e9servation, contact, etc.) sont utilis\u00e9es uniquement pour la gestion des demandes et ne sont en aucun cas transmises \u00e0 des tiers sans consentement.<br>Vous pouvez exercer vos droits d\u2019acc\u00e8s, de rectification ou de suppression en nous contactant \u00e0 l\u2019adresse suivante : [email de contact RGPD]<\/p>\n\n\n\n<p><strong>Cookies<\/strong><br>Le site Groupeceejay utilise des cookies afin d&rsquo;am\u00e9liorer l&rsquo;exp\u00e9rience utilisateur. Vous pouvez configurer votre navigateur pour refuser les cookies ou \u00eatre inform\u00e9 de leur utilisation.<\/p>\n\n\n\n<p><strong>Responsabilit\u00e9<\/strong><br>Groupeceejay s\u2019efforce de fournir sur ce site des informations aussi pr\u00e9cises que possible. Toutefois, il ne saurait \u00eatre tenu responsable des omissions, des inexactitudes ou des carences dans la mise \u00e0 jour.<\/p>\n","protected":false},"excerpt":{"rendered":"<p>\u00c9diteur du siteLe pr\u00e9sent site est \u00e9dit\u00e9 par :GroupeceejayStatut juridique : [\u00e0 compl\u00e9ter, ex. SASU \/ SARL \/ Auto-entrepreneur]Si\u00e8ge social : [adresse compl\u00e8te]SIRET : [num\u00e9ro de SIRET]Num\u00e9ro de TVA intracommunautaire : [si applicable]T\u00e9l\u00e9phone : [num\u00e9ro de t\u00e9l\u00e9phone]Email : contact@ceejay.com Directeur de la publicationMonsieur MOUNGONDO-BABOU Guenel MurphyEmail : baboumurphy@gmail.com H\u00e9bergementLe site est h\u00e9berg\u00e9 par :Hostinger International [&hellip;]<\/p>\n","protected":false},"author":1,"featured_media":0,"parent":0,"menu_order":0,"comment_status":"closed","ping_status":"closed","template":"","meta":{"_uag_custom_page_level_css":"","footnotes":""},"class_list":["post-7738","page","type-page","status-publish","hentry"],"uagb_featured_image_src":{"full":false,"thumbnail":false,"medium":false,"medium_large":false,"large":false,"1536x1536":false,"2048x2048":false,"luxride-blog-image-1200-700":false,"luxride-image-370-270":false,"luxride-related-post-470-370":false,"luxride-team-single-image-1200-700":false,"woocommerce_thumbnail":false,"woocommerce_single":false,"woocommerce_gallery_thumbnail":false},"uagb_author_info":{"display_name":"groupeceejay.nce@gmail.com","author_link":"https:\/\/groupeceejay.fr\/?author=1"},"uagb_comment_info":0,"uagb_excerpt":"\u00c9diteur du siteLe pr\u00e9sent site est \u00e9dit\u00e9 par :GroupeceejayStatut juridique : [\u00e0 compl\u00e9ter, ex. SASU \/ SARL \/ Auto-entrepreneur]Si\u00e8ge social : [adresse compl\u00e8te]SIRET : [num\u00e9ro de SIRET]Num\u00e9ro de TVA intracommunautaire : [si applicable]T\u00e9l\u00e9phone : [num\u00e9ro de t\u00e9l\u00e9phone]Email : contact@ceejay.com Directeur de la publicationMonsieur MOUNGONDO-BABOU Guenel MurphyEmail : baboumurphy@gmail.com H\u00e9bergementLe site est h\u00e9berg\u00e9 par :Hostinger International\u2026","_links":{"self":[{"href":"https:\/\/groupeceejay.fr\/index.php?rest_route=\/wp\/v2\/pages\/7738","targetHints":{"allow":["GET"]}}],"collection":[{"href":"https:\/\/groupeceejay.fr\/index.php?rest_route=\/wp\/v2\/pages"}],"about":[{"href":"https:\/\/groupeceejay.fr\/index.php?rest_route=\/wp\/v2\/types\/page"}],"author":[{"embeddable":true,"href":"https:\/\/groupeceejay.fr\/index.php?rest_route=\/wp\/v2\/users\/1"}],"replies":[{"embeddable":true,"href":"https:\/\/groupeceejay.fr\/index.php?rest_route=%2Fwp%2Fv2%2Fcomments&post=7738"}],"version-history":[{"count":1,"href":"https:\/\/groupeceejay.fr\/index.php?rest_route=\/wp\/v2\/pages\/7738\/revisions"}],"predecessor-version":[{"id":7739,"href":"https:\/\/groupeceejay.fr\/index.php?rest_route=\/wp\/v2\/pages\/7738\/revisions\/7739"}],"wp:attachment":[{"href":"https:\/\/groupeceejay.fr\/index.php?rest_route=%2Fwp%2Fv2%2Fmedia&parent=7738"}],"curies":[{"name":"wp","href":"https:\/\/api.w.org\/{rel}","templated":true}]}}